{"id":92,"date":"2019-11-29T23:05:42","date_gmt":"2019-11-29T22:05:42","guid":{"rendered":"http:\/\/lapetitemadeleineparis.fr\/?page_id=92"},"modified":"2023-03-31T11:19:35","modified_gmt":"2023-03-31T09:19:35","slug":"panier-a-composer","status":"publish","type":"page","link":"https:\/\/lapetitemadeleineparis.fr\/index.php\/panier-a-composer\/","title":{"rendered":"Panier \u00e0 composer"},"content":{"rendered":"\n<div class=\"wp-block-cover is-light is-repeated\"><span aria-hidden=\"true\" class=\"wp-block-cover__background has-cyan-bluish-gray-background-color has-background-dim-10 has-background-dim\"><\/span><div role=\"img\" class=\"wp-block-cover__image-background wp-image-1522 is-repeated\" style=\"background-position:50% 50%;background-image:url(http:\/\/lapetitemadeleineparis.fr\/wp-content\/uploads\/2021\/10\/panier5.gif)\"><\/div><div class=\"wp-block-cover__inner-container is-layout-flow wp-block-cover-is-layout-flow\">\n<p class=\"has-text-align-right has-drop-cap has-black-color has-text-color\" style=\"font-size:35px\">Ppetit-d\u00e9jeuner, r\u00e9unions, <\/p>\n\n\n\n<p class=\"has-text-align-right has-black-color has-text-color\" style=\"font-size:35px\">s\u00e9minaires, accueil, pause caf\u00e9&#8230;.<\/p>\n\n\n\n<p class=\"has-text-align-right has-black-color has-text-color\" style=\"font-size:35px\">Toutes les occasions sont bonnes <\/p>\n\n\n\n<p class=\"has-text-align-right has-black-color has-text-color\" style=\"font-size:35px\"> pour composer votre  panier<\/p>\n\n\n\n<p class=\"has-text-align-right has-black-color has-text-color\" style=\"font-size:35px\"> de gourmandises.<\/p>\n\n\n\n<p class=\"has-text-align-right has-black-color has-text-color\" style=\"font-size:35px\"><\/p>\n<\/div><\/div>\n\n\n\n<p><\/p>\n\n\n\n<div class=\"wp-block-group alignfull\"><div class=\"wp-block-group__inner-container is-layout-flow wp-block-group-is-layout-flow\"><\/div><\/div>\n\n\n\n<p><\/p>\n\n\n<h2 style=\"text-align: left;\">Comment \u00e7a marche ?<\/h2>\n<h4>vous composer au choix votre panier de biscuits, g\u00e2teaux, cakes, cookies, ou vous s\u00e9lectionnez directement un de nos paniers pr\u00e9-compos\u00e9. Votre commande pass\u00e9e avant 14h sera livr\u00e9e le lendemain.&nbsp;<\/h4>\n\n\n<div class=\"wp-block-file\"><a id=\"wp-block-file--media-4bafd11c-425d-4b21-9a62-30a5070945fb\" href=\"http:\/\/lapetitemadeleineparis.fr\/wp-content\/uploads\/2020\/04\/commande-panier.pdf\">bon de commande-panier<\/a><a href=\"http:\/\/lapetitemadeleineparis.fr\/wp-content\/uploads\/2020\/04\/commande-panier.pdf\" class=\"wp-block-file__button wp-element-button\" download aria-describedby=\"wp-block-file--media-4bafd11c-425d-4b21-9a62-30a5070945fb\">T\u00e9l\u00e9charger<\/a><\/div>\n\n\n\n\n\n<figure class=\"wp-block-gallery alignfull has-nested-images columns-3 is-cropped wp-block-gallery-1 is-layout-flex wp-block-gallery-is-layout-flex\">\n<figure class=\"wp-block-image size-large\"><img loading=\"lazy\" decoding=\"async\" width=\"493\" height=\"504\" data-id=\"1520\" src=\"http:\/\/lapetitemadeleineparis.fr\/wp-content\/uploads\/2021\/10\/panier3-1.gif\" alt=\"\" class=\"wp-image-1520\"\/><\/figure>\n\n\n\n<figure class=\"wp-block-image size-large\"><img loading=\"lazy\" decoding=\"async\" width=\"483\" height=\"494\" data-id=\"1521\" src=\"http:\/\/lapetitemadeleineparis.fr\/wp-content\/uploads\/2021\/10\/panierbiscuits-2.gif\" alt=\"\" class=\"wp-image-1521\"\/><\/figure>\n\n\n\n<figure class=\"wp-block-image size-large\"><img loading=\"lazy\" decoding=\"async\" width=\"482\" height=\"472\" data-id=\"1522\" src=\"http:\/\/lapetitemadeleineparis.fr\/wp-content\/uploads\/2021\/10\/panier5.gif\" alt=\"\" class=\"wp-image-1522\"\/><\/figure>\n<\/figure>\n\n\n\n<figure class=\"wp-block-gallery alignfull has-nested-images columns-3 is-cropped wp-block-gallery-2 is-layout-flex wp-block-gallery-is-layout-flex\">\n<figure class=\"wp-block-image size-large\"><a href=\"http:\/\/lapetitemadeleineparis.fr\/index.php\/panier-a-composer\/attachment\/minicakes\/\"><img loading=\"lazy\" decoding=\"async\" width=\"496\" height=\"496\" data-id=\"1483\" src=\"http:\/\/lapetitemadeleineparis.fr\/wp-content\/uploads\/2021\/10\/minicakes.gif\" alt=\"\" class=\"wp-image-1483\"\/><\/a><\/figure>\n\n\n\n<figure class=\"wp-block-image size-large\"><a href=\"http:\/\/lapetitemadeleineparis.fr\/index.php\/panier-a-composer\/attachment\/briochettes\/\"><img loading=\"lazy\" decoding=\"async\" width=\"489\" height=\"485\" data-id=\"1486\" src=\"http:\/\/lapetitemadeleineparis.fr\/wp-content\/uploads\/2021\/10\/briochettes.gif\" alt=\"\" class=\"wp-image-1486\"\/><\/a><\/figure>\n\n\n\n<figure class=\"wp-block-image size-large\"><a href=\"http:\/\/lapetitemadeleineparis.fr\/index.php\/panier-a-composer\/attachment\/minifinancier-1\/\"><img loading=\"lazy\" decoding=\"async\" width=\"494\" height=\"495\" data-id=\"1489\" src=\"http:\/\/lapetitemadeleineparis.fr\/wp-content\/uploads\/2021\/10\/minifinancier-1.gif\" alt=\"\" class=\"wp-image-1489\"\/><\/a><\/figure>\n\n\n\n<figure class=\"wp-block-image size-large\"><a href=\"http:\/\/lapetitemadeleineparis.fr\/index.php\/panier-a-composer\/attachment\/cakebanane-1-2\/\"><img loading=\"lazy\" decoding=\"async\" width=\"498\" height=\"494\" data-id=\"1498\" src=\"http:\/\/lapetitemadeleineparis.fr\/wp-content\/uploads\/2021\/10\/cakebanane-1.gif\" alt=\"\" class=\"wp-image-1498\"\/><\/a><\/figure>\n\n\n\n<figure class=\"wp-block-image size-large\"><a href=\"http:\/\/lapetitemadeleineparis.fr\/index.php\/panier-a-composer\/attachment\/cubcake-1\/\"><img loading=\"lazy\" decoding=\"async\" width=\"500\" height=\"490\" data-id=\"1490\" src=\"http:\/\/lapetitemadeleineparis.fr\/wp-content\/uploads\/2021\/10\/cubcake-1.gif\" alt=\"\" class=\"wp-image-1490\"\/><\/a><\/figure>\n\n\n\n<figure class=\"wp-block-image size-large\"><a href=\"http:\/\/lapetitemadeleineparis.fr\/index.php\/panier-a-composer\/attachment\/brownies-3\/\"><img loading=\"lazy\" decoding=\"async\" width=\"492\" height=\"498\" data-id=\"1497\" src=\"http:\/\/lapetitemadeleineparis.fr\/wp-content\/uploads\/2021\/10\/brownies.gif\" alt=\"\" class=\"wp-image-1497\"\/><\/a><\/figure>\n\n\n\n<figure class=\"wp-block-image size-large\"><a href=\"http:\/\/lapetitemadeleineparis.fr\/index.php\/panier-a-composer\/attachment\/briocheroule-2\/\"><img loading=\"lazy\" decoding=\"async\" width=\"490\" height=\"484\" data-id=\"1524\" src=\"http:\/\/lapetitemadeleineparis.fr\/wp-content\/uploads\/2021\/10\/briocheroule-2.gif\" alt=\"\" class=\"wp-image-1524\"\/><\/a><\/figure>\n\n\n\n<figure class=\"wp-block-image size-large\"><a href=\"http:\/\/lapetitemadeleineparis.fr\/index.php\/panier-a-composer\/attachment\/cookies30g\/\"><img loading=\"lazy\" decoding=\"async\" width=\"486\" height=\"483\" data-id=\"1499\" src=\"http:\/\/lapetitemadeleineparis.fr\/wp-content\/uploads\/2021\/10\/cookies30g.gif\" alt=\"\" class=\"wp-image-1499\"\/><\/a><\/figure>\n\n\n\n<figure class=\"wp-block-image size-large\"><a href=\"http:\/\/lapetitemadeleineparis.fr\/index.php\/panier-a-composer\/attachment\/madeleine-3\/\"><img loading=\"lazy\" decoding=\"async\" width=\"494\" height=\"489\" data-id=\"1503\" src=\"http:\/\/lapetitemadeleineparis.fr\/wp-content\/uploads\/2021\/10\/madeleine.gif\" alt=\"\" class=\"wp-image-1503\"\/><\/a><\/figure>\n\n\n\n<figure class=\"wp-block-image size-large\"><a href=\"http:\/\/lapetitemadeleineparis.fr\/index.php\/panier-a-composer\/attachment\/cookies70g\/\"><img loading=\"lazy\" decoding=\"async\" width=\"487\" height=\"489\" data-id=\"1500\" src=\"http:\/\/lapetitemadeleineparis.fr\/wp-content\/uploads\/2021\/10\/cookies70g.gif\" alt=\"\" class=\"wp-image-1500\"\/><\/a><\/figure>\n\n\n\n<figure class=\"wp-block-image size-large\"><a href=\"http:\/\/lapetitemadeleineparis.fr\/index.php\/panier-a-composer\/attachment\/financier\/\"><img loading=\"lazy\" decoding=\"async\" width=\"489\" height=\"492\" data-id=\"1502\" src=\"http:\/\/lapetitemadeleineparis.fr\/wp-content\/uploads\/2021\/10\/financier.gif\" alt=\"\" class=\"wp-image-1502\"\/><\/a><\/figure>\n\n\n\n<figure class=\"wp-block-image size-large\"><a href=\"http:\/\/lapetitemadeleineparis.fr\/index.php\/panier-a-composer\/attachment\/mendiants\/\"><img loading=\"lazy\" decoding=\"async\" width=\"485\" height=\"486\" data-id=\"1504\" src=\"http:\/\/lapetitemadeleineparis.fr\/wp-content\/uploads\/2021\/10\/mendiants.gif\" alt=\"\" class=\"wp-image-1504\"\/><\/a><\/figure>\n\n\n\n<figure class=\"wp-block-image size-large\"><a href=\"http:\/\/lapetitemadeleineparis.fr\/index.php\/panier-a-composer\/attachment\/palmier-3\/\"><img loading=\"lazy\" decoding=\"async\" width=\"493\" height=\"494\" data-id=\"1506\" src=\"http:\/\/lapetitemadeleineparis.fr\/wp-content\/uploads\/2021\/10\/palmier.gif\" alt=\"\" class=\"wp-image-1506\"\/><\/a><\/figure>\n\n\n\n<figure class=\"wp-block-image size-large\"><a href=\"http:\/\/lapetitemadeleineparis.fr\/index.php\/panier-a-composer\/attachment\/pancake\/\"><img loading=\"lazy\" decoding=\"async\" width=\"491\" height=\"499\" data-id=\"1507\" src=\"http:\/\/lapetitemadeleineparis.fr\/wp-content\/uploads\/2021\/10\/pancake.gif\" alt=\"\" class=\"wp-image-1507\"\/><\/a><\/figure>\n\n\n\n<figure class=\"wp-block-image size-large\"><a href=\"http:\/\/lapetitemadeleineparis.fr\/index.php\/panier-a-composer\/attachment\/sables\/\"><img loading=\"lazy\" decoding=\"async\" width=\"494\" height=\"491\" data-id=\"1508\" src=\"http:\/\/lapetitemadeleineparis.fr\/wp-content\/uploads\/2021\/10\/sables.gif\" alt=\"\" class=\"wp-image-1508\"\/><\/a><\/figure>\n\n\n\n<figure class=\"wp-block-image size-large\"><a href=\"http:\/\/lapetitemadeleineparis.fr\/index.php\/panier-a-composer\/attachment\/sablesourson\/\"><img loading=\"lazy\" decoding=\"async\" width=\"491\" height=\"491\" data-id=\"1509\" src=\"http:\/\/lapetitemadeleineparis.fr\/wp-content\/uploads\/2021\/10\/sablesourson.gif\" alt=\"\" class=\"wp-image-1509\"\/><\/a><\/figure>\n\n\n\n<figure class=\"wp-block-image size-large\"><a href=\"http:\/\/lapetitemadeleineparis.fr\/index.php\/panier-a-composer\/attachment\/cookiescolec-1\/\"><img loading=\"lazy\" decoding=\"async\" width=\"484\" height=\"487\" data-id=\"1510\" src=\"http:\/\/lapetitemadeleineparis.fr\/wp-content\/uploads\/2021\/10\/cookiescolec-1.gif\" alt=\"\" class=\"wp-image-1510\"\/><\/a><\/figure>\n\n\n\n<figure class=\"wp-block-image size-large\"><a href=\"http:\/\/lapetitemadeleineparis.fr\/index.php\/panier-a-composer\/attachment\/tartelettescollection-1\/\"><img loading=\"lazy\" decoding=\"async\" width=\"491\" height=\"495\" data-id=\"1526\" src=\"http:\/\/lapetitemadeleineparis.fr\/wp-content\/uploads\/2021\/10\/tartelettescollection-1.gif\" alt=\"\" class=\"wp-image-1526\"\/><\/a><\/figure>\n<figcaption class=\"blocks-gallery-caption wp-element-caption\"><br><\/figcaption><\/figure>\n\n\n\n<p><\/p>\n\n\n\n<p><\/p>\n\n\n\n<p><\/p>\n\n\n\n<p><\/p>\n\n\n\n<p><\/p>\n\n\n\n<p><\/p>\n\n\n\n<p><\/p>\n","protected":false},"excerpt":{"rendered":"<p>Comment \u00e7a marche ? vous composer au choix votre panier de biscuits, g\u00e2teaux, cakes, cookies, ou vous s\u00e9lectionnez directement un de nos paniers pr\u00e9-compos\u00e9. Votre<a href=\"https:\/\/lapetitemadeleineparis.fr\/index.php\/panier-a-composer\/\" class=\"more-link\"><span class=\"screen-reader-text\"> \u00ab\u00a0Panier \u00e0 composer\u00a0\u00bb<\/span><\/a><\/p>\n","protected":false},"author":1,"featured_media":0,"parent":0,"menu_order":0,"comment_status":"closed","ping_status":"closed","template":"","meta":{"footnotes":""},"class_list":["post-92","page","type-page","status-publish","hentry"],"yoast_head":"<!-- This site is optimized with the Yoast SEO plugin v24.9 - https:\/\/yoast.com\/wordpress\/plugins\/seo\/ -->\n<title>Panier \u00e0 composer &#183; P\u00e2tisseries et biscuits maison de la petite madeleine<\/title>\n<meta name=\"description\" content=\"Pour toutes les petites pauses de la journ\u00e9e, vous composez votre panier de biscuits, cakes et petits g\u00e2teaux. 100% faits maison. P\u00e2tisseries et biscuits maison de la petite madeleine\" \/>\n<meta name=\"robots\" content=\"index, follow, max-snippet:-1, max-image-preview:large, max-video-preview:-1\" \/>\n<link rel=\"canonical\" href=\"https:\/\/lapetitemadeleineparis.fr\/index.php\/panier-a-composer\/\" \/>\n<meta property=\"og:locale\" content=\"fr_FR\" \/>\n<meta property=\"og:type\" content=\"article\" \/>\n<meta property=\"og:title\" content=\"Panier \u00e0 composer &#183; P\u00e2tisseries et biscuits maison de la petite madeleine\" \/>\n<meta property=\"og:description\" content=\"Pour toutes les petites pauses de la journ\u00e9e, vous composez votre panier de biscuits, cakes et petits g\u00e2teaux. 100% faits maison. P\u00e2tisseries et biscuits maison de la petite madeleine\" \/>\n<meta property=\"og:url\" content=\"https:\/\/lapetitemadeleineparis.fr\/index.php\/panier-a-composer\/\" \/>\n<meta property=\"og:site_name\" content=\"P\u00e2tisseries et biscuits maison de la petite madeleine\" \/>\n<meta property=\"article:modified_time\" content=\"2023-03-31T09:19:35+00:00\" \/>\n<meta property=\"og:image\" content=\"http:\/\/lapetitemadeleineparis.fr\/wp-content\/uploads\/2021\/10\/panier3-1.gif\" \/>\n<meta name=\"twitter:card\" content=\"summary_large_image\" \/>\n<meta name=\"twitter:label1\" content=\"Dur\u00e9e de lecture estim\u00e9e\" \/>\n\t<meta name=\"twitter:data1\" content=\"5 minutes\" \/>\n<script type=\"application\/ld+json\" class=\"yoast-schema-graph\">{\"@context\":\"https:\/\/schema.org\",\"@graph\":[{\"@type\":\"WebPage\",\"@id\":\"https:\/\/lapetitemadeleineparis.fr\/index.php\/panier-a-composer\/\",\"url\":\"https:\/\/lapetitemadeleineparis.fr\/index.php\/panier-a-composer\/\",\"name\":\"Panier \u00e0 composer &#183; P\u00e2tisseries et biscuits maison de la petite madeleine\",\"isPartOf\":{\"@id\":\"https:\/\/lapetitemadeleineparis.fr\/#website\"},\"primaryImageOfPage\":{\"@id\":\"https:\/\/lapetitemadeleineparis.fr\/index.php\/panier-a-composer\/#primaryimage\"},\"image\":{\"@id\":\"https:\/\/lapetitemadeleineparis.fr\/index.php\/panier-a-composer\/#primaryimage\"},\"thumbnailUrl\":\"http:\/\/lapetitemadeleineparis.fr\/wp-content\/uploads\/2021\/10\/panier3-1.gif\",\"datePublished\":\"2019-11-29T22:05:42+00:00\",\"dateModified\":\"2023-03-31T09:19:35+00:00\",\"description\":\"Pour toutes les petites pauses de la journ\u00e9e, vous composez votre panier de biscuits, cakes et petits g\u00e2teaux. 100% faits maison. P\u00e2tisseries et biscuits maison de la petite madeleine\",\"breadcrumb\":{\"@id\":\"https:\/\/lapetitemadeleineparis.fr\/index.php\/panier-a-composer\/#breadcrumb\"},\"inLanguage\":\"fr-FR\",\"potentialAction\":[{\"@type\":\"ReadAction\",\"target\":[\"https:\/\/lapetitemadeleineparis.fr\/index.php\/panier-a-composer\/\"]}]},{\"@type\":\"ImageObject\",\"inLanguage\":\"fr-FR\",\"@id\":\"https:\/\/lapetitemadeleineparis.fr\/index.php\/panier-a-composer\/#primaryimage\",\"url\":\"https:\/\/lapetitemadeleineparis.fr\/wp-content\/uploads\/2021\/10\/panier3-1.gif\",\"contentUrl\":\"https:\/\/lapetitemadeleineparis.fr\/wp-content\/uploads\/2021\/10\/panier3-1.gif\",\"width\":493,\"height\":504},{\"@type\":\"BreadcrumbList\",\"@id\":\"https:\/\/lapetitemadeleineparis.fr\/index.php\/panier-a-composer\/#breadcrumb\",\"itemListElement\":[{\"@type\":\"ListItem\",\"position\":1,\"name\":\"Accueil\",\"item\":\"https:\/\/lapetitemadeleineparis.fr\/\"},{\"@type\":\"ListItem\",\"position\":2,\"name\":\"Panier \u00e0 composer\"}]},{\"@type\":\"WebSite\",\"@id\":\"https:\/\/lapetitemadeleineparis.fr\/#website\",\"url\":\"https:\/\/lapetitemadeleineparis.fr\/\",\"name\":\"les go\u00fbters de la petite madeleine\",\"description\":\"Retrouvez les saveurs de vos go\u00fbters d&#039;enfance\",\"publisher\":{\"@id\":\"https:\/\/lapetitemadeleineparis.fr\/#organization\"},\"potentialAction\":[{\"@type\":\"SearchAction\",\"target\":{\"@type\":\"EntryPoint\",\"urlTemplate\":\"https:\/\/lapetitemadeleineparis.fr\/?s={search_term_string}\"},\"query-input\":{\"@type\":\"PropertyValueSpecification\",\"valueRequired\":true,\"valueName\":\"search_term_string\"}}],\"inLanguage\":\"fr-FR\"},{\"@type\":\"Organization\",\"@id\":\"https:\/\/lapetitemadeleineparis.fr\/#organization\",\"name\":\"la petite madeleine paris\",\"url\":\"https:\/\/lapetitemadeleineparis.fr\/\",\"logo\":{\"@type\":\"ImageObject\",\"inLanguage\":\"fr-FR\",\"@id\":\"https:\/\/lapetitemadeleineparis.fr\/#\/schema\/logo\/image\/\",\"url\":\"http:\/\/lapetitemadeleineparis.fr\/wp-content\/uploads\/2019\/12\/la-petite-madeleine-paris.gif\",\"contentUrl\":\"http:\/\/lapetitemadeleineparis.fr\/wp-content\/uploads\/2019\/12\/la-petite-madeleine-paris.gif\",\"width\":400,\"height\":144,\"caption\":\"la petite madeleine paris\"},\"image\":{\"@id\":\"https:\/\/lapetitemadeleineparis.fr\/#\/schema\/logo\/image\/\"},\"sameAs\":[\"http:\/\/www.instagram.com\/lapetitemadeleine_paris\"]}]}<\/script>\n<!-- \/ Yoast SEO plugin. -->","yoast_head_json":{"title":"Panier \u00e0 composer &#183; P\u00e2tisseries et biscuits maison de la petite madeleine","description":"Pour toutes les petites pauses de la journ\u00e9e, vous composez votre panier de biscuits, cakes et petits g\u00e2teaux. 100% faits maison. P\u00e2tisseries et biscuits maison de la petite madeleine","robots":{"index":"index","follow":"follow","max-snippet":"max-snippet:-1","max-image-preview":"max-image-preview:large","max-video-preview":"max-video-preview:-1"},"canonical":"https:\/\/lapetitemadeleineparis.fr\/index.php\/panier-a-composer\/","og_locale":"fr_FR","og_type":"article","og_title":"Panier \u00e0 composer &#183; P\u00e2tisseries et biscuits maison de la petite madeleine","og_description":"Pour toutes les petites pauses de la journ\u00e9e, vous composez votre panier de biscuits, cakes et petits g\u00e2teaux. 100% faits maison. P\u00e2tisseries et biscuits maison de la petite madeleine","og_url":"https:\/\/lapetitemadeleineparis.fr\/index.php\/panier-a-composer\/","og_site_name":"P\u00e2tisseries et biscuits maison de la petite madeleine","article_modified_time":"2023-03-31T09:19:35+00:00","og_image":[{"url":"http:\/\/lapetitemadeleineparis.fr\/wp-content\/uploads\/2021\/10\/panier3-1.gif","type":"","width":"","height":""}],"twitter_card":"summary_large_image","twitter_misc":{"Dur\u00e9e de lecture estim\u00e9e":"5 minutes"},"schema":{"@context":"https:\/\/schema.org","@graph":[{"@type":"WebPage","@id":"https:\/\/lapetitemadeleineparis.fr\/index.php\/panier-a-composer\/","url":"https:\/\/lapetitemadeleineparis.fr\/index.php\/panier-a-composer\/","name":"Panier \u00e0 composer &#183; P\u00e2tisseries et biscuits maison de la petite madeleine","isPartOf":{"@id":"https:\/\/lapetitemadeleineparis.fr\/#website"},"primaryImageOfPage":{"@id":"https:\/\/lapetitemadeleineparis.fr\/index.php\/panier-a-composer\/#primaryimage"},"image":{"@id":"https:\/\/lapetitemadeleineparis.fr\/index.php\/panier-a-composer\/#primaryimage"},"thumbnailUrl":"http:\/\/lapetitemadeleineparis.fr\/wp-content\/uploads\/2021\/10\/panier3-1.gif","datePublished":"2019-11-29T22:05:42+00:00","dateModified":"2023-03-31T09:19:35+00:00","description":"Pour toutes les petites pauses de la journ\u00e9e, vous composez votre panier de biscuits, cakes et petits g\u00e2teaux. 100% faits maison. P\u00e2tisseries et biscuits maison de la petite madeleine","breadcrumb":{"@id":"https:\/\/lapetitemadeleineparis.fr\/index.php\/panier-a-composer\/#breadcrumb"},"inLanguage":"fr-FR","potentialAction":[{"@type":"ReadAction","target":["https:\/\/lapetitemadeleineparis.fr\/index.php\/panier-a-composer\/"]}]},{"@type":"ImageObject","inLanguage":"fr-FR","@id":"https:\/\/lapetitemadeleineparis.fr\/index.php\/panier-a-composer\/#primaryimage","url":"https:\/\/lapetitemadeleineparis.fr\/wp-content\/uploads\/2021\/10\/panier3-1.gif","contentUrl":"https:\/\/lapetitemadeleineparis.fr\/wp-content\/uploads\/2021\/10\/panier3-1.gif","width":493,"height":504},{"@type":"BreadcrumbList","@id":"https:\/\/lapetitemadeleineparis.fr\/index.php\/panier-a-composer\/#breadcrumb","itemListElement":[{"@type":"ListItem","position":1,"name":"Accueil","item":"https:\/\/lapetitemadeleineparis.fr\/"},{"@type":"ListItem","position":2,"name":"Panier \u00e0 composer"}]},{"@type":"WebSite","@id":"https:\/\/lapetitemadeleineparis.fr\/#website","url":"https:\/\/lapetitemadeleineparis.fr\/","name":"les go\u00fbters de la petite madeleine","description":"Retrouvez les saveurs de vos go\u00fbters d&#039;enfance","publisher":{"@id":"https:\/\/lapetitemadeleineparis.fr\/#organization"},"potentialAction":[{"@type":"SearchAction","target":{"@type":"EntryPoint","urlTemplate":"https:\/\/lapetitemadeleineparis.fr\/?s={search_term_string}"},"query-input":{"@type":"PropertyValueSpecification","valueRequired":true,"valueName":"search_term_string"}}],"inLanguage":"fr-FR"},{"@type":"Organization","@id":"https:\/\/lapetitemadeleineparis.fr\/#organization","name":"la petite madeleine paris","url":"https:\/\/lapetitemadeleineparis.fr\/","logo":{"@type":"ImageObject","inLanguage":"fr-FR","@id":"https:\/\/lapetitemadeleineparis.fr\/#\/schema\/logo\/image\/","url":"http:\/\/lapetitemadeleineparis.fr\/wp-content\/uploads\/2019\/12\/la-petite-madeleine-paris.gif","contentUrl":"http:\/\/lapetitemadeleineparis.fr\/wp-content\/uploads\/2019\/12\/la-petite-madeleine-paris.gif","width":400,"height":144,"caption":"la petite madeleine paris"},"image":{"@id":"https:\/\/lapetitemadeleineparis.fr\/#\/schema\/logo\/image\/"},"sameAs":["http:\/\/www.instagram.com\/lapetitemadeleine_paris"]}]}},"_links":{"self":[{"href":"https:\/\/lapetitemadeleineparis.fr\/index.php\/wp-json\/wp\/v2\/pages\/92","targetHints":{"allow":["GET"]}}],"collection":[{"href":"https:\/\/lapetitemadeleineparis.fr\/index.php\/wp-json\/wp\/v2\/pages"}],"about":[{"href":"https:\/\/lapetitemadeleineparis.fr\/index.php\/wp-json\/wp\/v2\/types\/page"}],"author":[{"embeddable":true,"href":"https:\/\/lapetitemadeleineparis.fr\/index.php\/wp-json\/wp\/v2\/users\/1"}],"replies":[{"embeddable":true,"href":"https:\/\/lapetitemadeleineparis.fr\/index.php\/wp-json\/wp\/v2\/comments?post=92"}],"version-history":[{"count":138,"href":"https:\/\/lapetitemadeleineparis.fr\/index.php\/wp-json\/wp\/v2\/pages\/92\/revisions"}],"predecessor-version":[{"id":1684,"href":"https:\/\/lapetitemadeleineparis.fr\/index.php\/wp-json\/wp\/v2\/pages\/92\/revisions\/1684"}],"wp:attachment":[{"href":"https:\/\/lapetitemadeleineparis.fr\/index.php\/wp-json\/wp\/v2\/media?parent=92"}],"curies":[{"name":"wp","href":"https:\/\/api.w.org\/{rel}","templated":true}]}}