{"id":131,"date":"2019-11-30T01:00:19","date_gmt":"2019-11-30T00:00:19","guid":{"rendered":"http:\/\/lapetitemadeleineparis.fr\/?page_id=131"},"modified":"2023-03-31T11:42:09","modified_gmt":"2023-03-31T09:42:09","slug":"a-propos","status":"publish","type":"page","link":"https:\/\/lapetitemadeleineparis.fr\/index.php\/a-propos\/","title":{"rendered":"\u00e0 propos"},"content":{"rendered":"<div class=\"wp-block-image is-style-circle-mask\">\n<figure class=\"aligncenter is-resized\"><img loading=\"lazy\" decoding=\"async\" src=\"http:\/\/lapetitemadeleineparis.fr\/wp-content\/uploads\/2019\/11\/IMG_1275-765x1024.jpg\" alt=\"\" class=\"wp-image-164\" width=\"355\" height=\"475\" srcset=\"https:\/\/lapetitemadeleineparis.fr\/wp-content\/uploads\/2019\/11\/IMG_1275-765x1024.jpg 765w, https:\/\/lapetitemadeleineparis.fr\/wp-content\/uploads\/2019\/11\/IMG_1275-224x300.jpg 224w, https:\/\/lapetitemadeleineparis.fr\/wp-content\/uploads\/2019\/11\/IMG_1275-768x1028.jpg 768w, https:\/\/lapetitemadeleineparis.fr\/wp-content\/uploads\/2019\/11\/IMG_1275-1147x1536.jpg 1147w, https:\/\/lapetitemadeleineparis.fr\/wp-content\/uploads\/2019\/11\/IMG_1275-1530x2048.jpg 1530w, https:\/\/lapetitemadeleineparis.fr\/wp-content\/uploads\/2019\/11\/IMG_1275-scaled.jpg 1912w\" sizes=\"auto, (max-width: 355px) 100vw, 355px\" \/><figcaption class=\"wp-element-caption\">la petite madeleine, la vraie !<\/figcaption><\/figure>\n<\/div>\n\n\n<p style=\"font-size:22px\">Apr\u00e8s 30 ans de carri\u00e8re professionnelle, les 10 premi\u00e8res dans l\u2019art contemporain, les 20 suivantes&nbsp;comme responsable d\u2019une maison d\u2019\u00e9dition de luminaires et mobiliers, Pascale Moretti se lance en 2017 dans un nouveau projet plus coh\u00e9rent avec sa personnalit\u00e9.<br><\/p>\n\n\n\n<p style=\"font-size:22px\">Forte d\u2019une formation chez Ferrandi, l\u2019Ecole de la gastronomie fran\u00e7aise, elle lance apr\u00e8s l&rsquo;obtention de son Cap p\u00e2tisserie \u00ab&nbsp;La petite Madeleine&nbsp;\u00bb en hommage \u00e0 sa grand-m\u00e8re.<\/p>\n\n\n\n<p style=\"font-size:22px\">La petite madeleine c&rsquo;est une proposition d\u2019\u00e9changes et de partages autour de p\u00e2tisseries traditionnelles, une exp\u00e9rience gustative en revenant aux sources de nos gouters d\u2019enfance.<\/p>\n\n\n\n<p style=\"font-size:22px\">De la p\u00e2tisserie sans pr\u00e9tention, \u00e0 base de produits frais, de qualit\u00e9, de saisons, le plus souvent bio, une p\u00e2tisserie qui privil\u00e9gie avant tout le go\u00fbt.<\/p>\n\n\n\n<p style=\"font-size:22px\">Elle d\u00e9veloppe avec \u00ab&nbsp;La petite Madeleine&nbsp;\u00bb un service traiteur, mais aussi un programme d\u2019encadrement, de team-building et de workshop p\u00e2tissier, dans une mise en relation p\u00e2tisserie, art et design en partenariat avec des plasticiens et des artistes contemporains.<\/p>\n\n\n\n<figure class=\"wp-block-image size-large\"><img loading=\"lazy\" decoding=\"async\" width=\"1024\" height=\"683\" src=\"http:\/\/lapetitemadeleineparis.fr\/wp-content\/uploads\/2019\/11\/IMG_0290-1024x683.jpg\" alt=\"\" class=\"wp-image-61\" srcset=\"https:\/\/lapetitemadeleineparis.fr\/wp-content\/uploads\/2019\/11\/IMG_0290-1024x683.jpg 1024w, https:\/\/lapetitemadeleineparis.fr\/wp-content\/uploads\/2019\/11\/IMG_0290-300x200.jpg 300w, https:\/\/lapetitemadeleineparis.fr\/wp-content\/uploads\/2019\/11\/IMG_0290-768x512.jpg 768w, https:\/\/lapetitemadeleineparis.fr\/wp-content\/uploads\/2019\/11\/IMG_0290-1536x1024.jpg 1536w, https:\/\/lapetitemadeleineparis.fr\/wp-content\/uploads\/2019\/11\/IMG_0290-2048x1365.jpg 2048w\" sizes=\"auto, (max-width: 1024px) 100vw, 1024px\" \/><\/figure>\n","protected":false},"excerpt":{"rendered":"<p>Apr\u00e8s 30 ans de carri\u00e8re professionnelle, les 10 premi\u00e8res dans l\u2019art contemporain, les 20 suivantes&nbsp;comme responsable d\u2019une maison d\u2019\u00e9dition de luminaires et mobiliers, Pascale Moretti<a href=\"https:\/\/lapetitemadeleineparis.fr\/index.php\/a-propos\/\" class=\"more-link\"><span class=\"screen-reader-text\"> \u00ab\u00a0\u00e0 propos\u00a0\u00bb<\/span><\/a><\/p>\n","protected":false},"author":1,"featured_media":0,"parent":0,"menu_order":0,"comment_status":"closed","ping_status":"closed","template":"","meta":{"footnotes":""},"class_list":["post-131","page","type-page","status-publish","hentry"],"yoast_head":"<!-- This site is optimized with the Yoast SEO plugin v24.9 - https:\/\/yoast.com\/wordpress\/plugins\/seo\/ -->\n<title>\u00e0 propos &#183; P\u00e2tisseries et biscuits maison de la petite madeleine<\/title>\n<meta name=\"robots\" content=\"index, follow, max-snippet:-1, max-image-preview:large, max-video-preview:-1\" \/>\n<link rel=\"canonical\" href=\"https:\/\/lapetitemadeleineparis.fr\/index.php\/a-propos\/\" \/>\n<meta property=\"og:locale\" content=\"fr_FR\" \/>\n<meta property=\"og:type\" content=\"article\" \/>\n<meta property=\"og:title\" content=\"\u00e0 propos &#183; P\u00e2tisseries et biscuits maison de la petite madeleine\" \/>\n<meta property=\"og:description\" content=\"Apr\u00e8s 30 ans de carri\u00e8re professionnelle, les 10 premi\u00e8res dans l\u2019art contemporain, les 20 suivantes&nbsp;comme responsable d\u2019une maison d\u2019\u00e9dition de luminaires et mobiliers, Pascale Moretti &quot;\u00e0 propos&quot;\" \/>\n<meta property=\"og:url\" content=\"https:\/\/lapetitemadeleineparis.fr\/index.php\/a-propos\/\" \/>\n<meta property=\"og:site_name\" content=\"P\u00e2tisseries et biscuits maison de la petite madeleine\" \/>\n<meta property=\"article:modified_time\" content=\"2023-03-31T09:42:09+00:00\" \/>\n<meta property=\"og:image\" content=\"http:\/\/lapetitemadeleineparis.fr\/wp-content\/uploads\/2019\/11\/IMG_1275-765x1024.jpg\" \/>\n<meta name=\"twitter:card\" content=\"summary_large_image\" \/>\n<meta name=\"twitter:label1\" content=\"Dur\u00e9e de lecture estim\u00e9e\" \/>\n\t<meta name=\"twitter:data1\" content=\"2 minutes\" \/>\n<script type=\"application\/ld+json\" class=\"yoast-schema-graph\">{\"@context\":\"https:\/\/schema.org\",\"@graph\":[{\"@type\":\"WebPage\",\"@id\":\"https:\/\/lapetitemadeleineparis.fr\/index.php\/a-propos\/\",\"url\":\"https:\/\/lapetitemadeleineparis.fr\/index.php\/a-propos\/\",\"name\":\"\u00e0 propos &#183; P\u00e2tisseries et biscuits maison de la petite madeleine\",\"isPartOf\":{\"@id\":\"https:\/\/lapetitemadeleineparis.fr\/#website\"},\"primaryImageOfPage\":{\"@id\":\"https:\/\/lapetitemadeleineparis.fr\/index.php\/a-propos\/#primaryimage\"},\"image\":{\"@id\":\"https:\/\/lapetitemadeleineparis.fr\/index.php\/a-propos\/#primaryimage\"},\"thumbnailUrl\":\"http:\/\/lapetitemadeleineparis.fr\/wp-content\/uploads\/2019\/11\/IMG_1275-765x1024.jpg\",\"datePublished\":\"2019-11-30T00:00:19+00:00\",\"dateModified\":\"2023-03-31T09:42:09+00:00\",\"breadcrumb\":{\"@id\":\"https:\/\/lapetitemadeleineparis.fr\/index.php\/a-propos\/#breadcrumb\"},\"inLanguage\":\"fr-FR\",\"potentialAction\":[{\"@type\":\"ReadAction\",\"target\":[\"https:\/\/lapetitemadeleineparis.fr\/index.php\/a-propos\/\"]}]},{\"@type\":\"ImageObject\",\"inLanguage\":\"fr-FR\",\"@id\":\"https:\/\/lapetitemadeleineparis.fr\/index.php\/a-propos\/#primaryimage\",\"url\":\"http:\/\/lapetitemadeleineparis.fr\/wp-content\/uploads\/2019\/11\/IMG_1275-765x1024.jpg\",\"contentUrl\":\"http:\/\/lapetitemadeleineparis.fr\/wp-content\/uploads\/2019\/11\/IMG_1275-765x1024.jpg\"},{\"@type\":\"BreadcrumbList\",\"@id\":\"https:\/\/lapetitemadeleineparis.fr\/index.php\/a-propos\/#breadcrumb\",\"itemListElement\":[{\"@type\":\"ListItem\",\"position\":1,\"name\":\"Accueil\",\"item\":\"https:\/\/lapetitemadeleineparis.fr\/\"},{\"@type\":\"ListItem\",\"position\":2,\"name\":\"\u00e0 propos\"}]},{\"@type\":\"WebSite\",\"@id\":\"https:\/\/lapetitemadeleineparis.fr\/#website\",\"url\":\"https:\/\/lapetitemadeleineparis.fr\/\",\"name\":\"les go\u00fbters de la petite madeleine\",\"description\":\"Retrouvez les saveurs de vos go\u00fbters d&#039;enfance\",\"publisher\":{\"@id\":\"https:\/\/lapetitemadeleineparis.fr\/#organization\"},\"potentialAction\":[{\"@type\":\"SearchAction\",\"target\":{\"@type\":\"EntryPoint\",\"urlTemplate\":\"https:\/\/lapetitemadeleineparis.fr\/?s={search_term_string}\"},\"query-input\":{\"@type\":\"PropertyValueSpecification\",\"valueRequired\":true,\"valueName\":\"search_term_string\"}}],\"inLanguage\":\"fr-FR\"},{\"@type\":\"Organization\",\"@id\":\"https:\/\/lapetitemadeleineparis.fr\/#organization\",\"name\":\"la petite madeleine paris\",\"url\":\"https:\/\/lapetitemadeleineparis.fr\/\",\"logo\":{\"@type\":\"ImageObject\",\"inLanguage\":\"fr-FR\",\"@id\":\"https:\/\/lapetitemadeleineparis.fr\/#\/schema\/logo\/image\/\",\"url\":\"http:\/\/lapetitemadeleineparis.fr\/wp-content\/uploads\/2019\/12\/la-petite-madeleine-paris.gif\",\"contentUrl\":\"http:\/\/lapetitemadeleineparis.fr\/wp-content\/uploads\/2019\/12\/la-petite-madeleine-paris.gif\",\"width\":400,\"height\":144,\"caption\":\"la petite madeleine paris\"},\"image\":{\"@id\":\"https:\/\/lapetitemadeleineparis.fr\/#\/schema\/logo\/image\/\"},\"sameAs\":[\"http:\/\/www.instagram.com\/lapetitemadeleine_paris\"]}]}<\/script>\n<!-- \/ Yoast SEO plugin. -->","yoast_head_json":{"title":"\u00e0 propos &#183; P\u00e2tisseries et biscuits maison de la petite madeleine","robots":{"index":"index","follow":"follow","max-snippet":"max-snippet:-1","max-image-preview":"max-image-preview:large","max-video-preview":"max-video-preview:-1"},"canonical":"https:\/\/lapetitemadeleineparis.fr\/index.php\/a-propos\/","og_locale":"fr_FR","og_type":"article","og_title":"\u00e0 propos &#183; P\u00e2tisseries et biscuits maison de la petite madeleine","og_description":"Apr\u00e8s 30 ans de carri\u00e8re professionnelle, les 10 premi\u00e8res dans l\u2019art contemporain, les 20 suivantes&nbsp;comme responsable d\u2019une maison d\u2019\u00e9dition de luminaires et mobiliers, Pascale Moretti \"\u00e0 propos\"","og_url":"https:\/\/lapetitemadeleineparis.fr\/index.php\/a-propos\/","og_site_name":"P\u00e2tisseries et biscuits maison de la petite madeleine","article_modified_time":"2023-03-31T09:42:09+00:00","og_image":[{"url":"http:\/\/lapetitemadeleineparis.fr\/wp-content\/uploads\/2019\/11\/IMG_1275-765x1024.jpg","type":"","width":"","height":""}],"twitter_card":"summary_large_image","twitter_misc":{"Dur\u00e9e de lecture estim\u00e9e":"2 minutes"},"schema":{"@context":"https:\/\/schema.org","@graph":[{"@type":"WebPage","@id":"https:\/\/lapetitemadeleineparis.fr\/index.php\/a-propos\/","url":"https:\/\/lapetitemadeleineparis.fr\/index.php\/a-propos\/","name":"\u00e0 propos &#183; P\u00e2tisseries et biscuits maison de la petite madeleine","isPartOf":{"@id":"https:\/\/lapetitemadeleineparis.fr\/#website"},"primaryImageOfPage":{"@id":"https:\/\/lapetitemadeleineparis.fr\/index.php\/a-propos\/#primaryimage"},"image":{"@id":"https:\/\/lapetitemadeleineparis.fr\/index.php\/a-propos\/#primaryimage"},"thumbnailUrl":"http:\/\/lapetitemadeleineparis.fr\/wp-content\/uploads\/2019\/11\/IMG_1275-765x1024.jpg","datePublished":"2019-11-30T00:00:19+00:00","dateModified":"2023-03-31T09:42:09+00:00","breadcrumb":{"@id":"https:\/\/lapetitemadeleineparis.fr\/index.php\/a-propos\/#breadcrumb"},"inLanguage":"fr-FR","potentialAction":[{"@type":"ReadAction","target":["https:\/\/lapetitemadeleineparis.fr\/index.php\/a-propos\/"]}]},{"@type":"ImageObject","inLanguage":"fr-FR","@id":"https:\/\/lapetitemadeleineparis.fr\/index.php\/a-propos\/#primaryimage","url":"http:\/\/lapetitemadeleineparis.fr\/wp-content\/uploads\/2019\/11\/IMG_1275-765x1024.jpg","contentUrl":"http:\/\/lapetitemadeleineparis.fr\/wp-content\/uploads\/2019\/11\/IMG_1275-765x1024.jpg"},{"@type":"BreadcrumbList","@id":"https:\/\/lapetitemadeleineparis.fr\/index.php\/a-propos\/#breadcrumb","itemListElement":[{"@type":"ListItem","position":1,"name":"Accueil","item":"https:\/\/lapetitemadeleineparis.fr\/"},{"@type":"ListItem","position":2,"name":"\u00e0 propos"}]},{"@type":"WebSite","@id":"https:\/\/lapetitemadeleineparis.fr\/#website","url":"https:\/\/lapetitemadeleineparis.fr\/","name":"les go\u00fbters de la petite madeleine","description":"Retrouvez les saveurs de vos go\u00fbters d&#039;enfance","publisher":{"@id":"https:\/\/lapetitemadeleineparis.fr\/#organization"},"potentialAction":[{"@type":"SearchAction","target":{"@type":"EntryPoint","urlTemplate":"https:\/\/lapetitemadeleineparis.fr\/?s={search_term_string}"},"query-input":{"@type":"PropertyValueSpecification","valueRequired":true,"valueName":"search_term_string"}}],"inLanguage":"fr-FR"},{"@type":"Organization","@id":"https:\/\/lapetitemadeleineparis.fr\/#organization","name":"la petite madeleine paris","url":"https:\/\/lapetitemadeleineparis.fr\/","logo":{"@type":"ImageObject","inLanguage":"fr-FR","@id":"https:\/\/lapetitemadeleineparis.fr\/#\/schema\/logo\/image\/","url":"http:\/\/lapetitemadeleineparis.fr\/wp-content\/uploads\/2019\/12\/la-petite-madeleine-paris.gif","contentUrl":"http:\/\/lapetitemadeleineparis.fr\/wp-content\/uploads\/2019\/12\/la-petite-madeleine-paris.gif","width":400,"height":144,"caption":"la petite madeleine paris"},"image":{"@id":"https:\/\/lapetitemadeleineparis.fr\/#\/schema\/logo\/image\/"},"sameAs":["http:\/\/www.instagram.com\/lapetitemadeleine_paris"]}]}},"_links":{"self":[{"href":"https:\/\/lapetitemadeleineparis.fr\/index.php\/wp-json\/wp\/v2\/pages\/131","targetHints":{"allow":["GET"]}}],"collection":[{"href":"https:\/\/lapetitemadeleineparis.fr\/index.php\/wp-json\/wp\/v2\/pages"}],"about":[{"href":"https:\/\/lapetitemadeleineparis.fr\/index.php\/wp-json\/wp\/v2\/types\/page"}],"author":[{"embeddable":true,"href":"https:\/\/lapetitemadeleineparis.fr\/index.php\/wp-json\/wp\/v2\/users\/1"}],"replies":[{"embeddable":true,"href":"https:\/\/lapetitemadeleineparis.fr\/index.php\/wp-json\/wp\/v2\/comments?post=131"}],"version-history":[{"count":11,"href":"https:\/\/lapetitemadeleineparis.fr\/index.php\/wp-json\/wp\/v2\/pages\/131\/revisions"}],"predecessor-version":[{"id":1702,"href":"https:\/\/lapetitemadeleineparis.fr\/index.php\/wp-json\/wp\/v2\/pages\/131\/revisions\/1702"}],"wp:attachment":[{"href":"https:\/\/lapetitemadeleineparis.fr\/index.php\/wp-json\/wp\/v2\/media?parent=131"}],"curies":[{"name":"wp","href":"https:\/\/api.w.org\/{rel}","templated":true}]}}